{"id":12,"date":"2023-03-27T09:00:56","date_gmt":"2023-03-27T07:00:56","guid":{"rendered":"http:\/\/pardubicesobe.cz\/?page_id=12"},"modified":"2026-04-27T11:34:43","modified_gmt":"2026-04-27T09:34:43","slug":"podporte-nas","status":"publish","type":"page","link":"http:\/\/pardubicesobe.cz\/podporte-nas\/","title":{"rendered":"Podpo\u0159te n\u00e1s"},"content":{"rendered":"\t\t<div data-elementor-type=\"wp-page\" data-elementor-id=\"12\" class=\"elementor elementor-12\">\n\t\t\t\t\t\t<section class=\"elementor-section elementor-top-section elementor-element elementor-element-c00315d elementor-section-boxed elementor-section-height-default elementor-section-height-default\" data-id=\"c00315d\" data-element_type=\"section\" data-e-type=\"section\">\n\t\t\t\t\t\t<div class=\"elementor-container elementor-column-gap-default\">\n\t\t\t\t\t<div class=\"elementor-column elementor-col-100 elementor-top-column elementor-element elementor-element-a95d85f\" data-id=\"a95d85f\" data-element_type=\"column\" data-e-type=\"column\">\n\t\t\t<div class=\"elementor-widget-wrap elementor-element-populated\">\n\t\t\t\t\t\t<div class=\"elementor-element elementor-element-6a427a9 elementor-invisible elementor-widget elementor-widget-heading\" data-id=\"6a427a9\" data-element_type=\"widget\" data-e-type=\"widget\" data-settings=\"{&quot;_animation&quot;:&quot;fadeIn&quot;}\" data-widget_type=\"heading.default\">\n\t\t\t\t<div class=\"elementor-widget-container\">\n\t\t\t\t\t<h2 class=\"elementor-heading-title elementor-size-default\">JAK N\u00c1S M\u016e\u017dETE PODPO\u0158IT?<\/h2>\t\t\t\t<\/div>\n\t\t\t\t<\/div>\n\t\t\t\t\t<\/div>\n\t\t<\/div>\n\t\t\t\t\t<\/div>\n\t\t<\/section>\n\t\t\t\t<section class=\"elementor-section elementor-top-section elementor-element elementor-element-32652e8 elementor-section-boxed elementor-section-height-default elementor-section-height-default\" data-id=\"32652e8\" data-element_type=\"section\" data-e-type=\"section\">\n\t\t\t\t\t\t<div class=\"elementor-container elementor-column-gap-default\">\n\t\t\t\t\t<div class=\"elementor-column elementor-col-100 elementor-top-column elementor-element elementor-element-47a2a78\" data-id=\"47a2a78\" data-element_type=\"column\" data-e-type=\"column\">\n\t\t\t<div class=\"elementor-widget-wrap elementor-element-populated\">\n\t\t\t\t\t\t<div class=\"elementor-element elementor-element-eed492a elementor-invisible elementor-widget elementor-widget-text-editor\" data-id=\"eed492a\" data-element_type=\"widget\" data-e-type=\"widget\" data-settings=\"{&quot;_animation&quot;:&quot;fadeIn&quot;}\" data-widget_type=\"text-editor.default\">\n\t\t\t\t<div class=\"elementor-widget-container\">\n\t\t\t\t\t\t\t\t\t<p><span style=\"color: #000000;\"><strong>1. Finan\u010dn\u011b<\/strong> &#8211; p\u0159\u00edsp\u011bvkem v&nbsp;libovoln\u00e9 v\u00fd\u0161i na n\u00e1\u0161 <strong>transparentn\u00ed \u00fa\u010det 4418030379\/0800<\/strong><br \/><\/span><\/p><p><span style=\"color: #000000;\"><strong>2. Materi\u00e1ln\u011b<\/strong> &#8211; krmivo pro psy a&nbsp;ko\u010dky, pamlsky, pel\u00ed\u0161ky, deky, vod\u00edtka a&nbsp;jin\u00e9 chovatelsk\u00e9 pot\u0159eby, desinfekce a&nbsp;prost\u0159edky na \u00faklid, ovoce, zeleninu, tvrd\u00e9 pe\u010divo, ovesn\u00e9 vlo\u010dky nebo v\u011bci do aukce m\u016f\u017eete vozit k&nbsp;n\u00e1m na Farmu U&nbsp;Vesel\u00fdho psa, Dra\u017ekov 16, Sezemice 533&nbsp;04<br \/><\/span><\/p><p><span style=\"color: #000000;\"><strong>3. Adopc\u00ed nebo do\u010daskou<\/strong> &#8211; nab\u00eddn\u011bte l\u00e1skypln\u00fd domov zv\u00ed\u0159eti v&nbsp;nouzi<\/span><\/p><p><span style=\"color: #000000;\">Pokud by se V\u00e1m l\u00edbilo co d\u011bl\u00e1me a&nbsp;cht\u011bli byste n\u00e1s podpo\u0159it, budeme V\u00e1m vd\u011b\u010dni za jakoukoli pomoc.<\/span><\/p><p style=\"text-align: center;\"><span style=\"color: #000000;\">D\u011bkujeme, \u017ee n\u00e1m pom\u00e1h\u00e1te pom\u00e1hat.\u00a0<\/span><span class=\"emoji_font line\">\u2764\ufe0f<\/span><\/p>\t\t\t\t\t\t\t\t<\/div>\n\t\t\t\t<\/div>\n\t\t\t\t\t<\/div>\n\t\t<\/div>\n\t\t\t\t\t<\/div>\n\t\t<\/section>\n\t\t\t\t<section class=\"elementor-section elementor-top-section elementor-element elementor-element-13697db elementor-section-boxed elementor-section-height-default elementor-section-height-default\" data-id=\"13697db\" data-element_type=\"section\" data-e-type=\"section\">\n\t\t\t\t\t\t<div class=\"elementor-container elementor-column-gap-default\">\n\t\t\t\t\t<div class=\"elementor-column elementor-col-100 elementor-top-column elementor-element elementor-element-8ec1210\" data-id=\"8ec1210\" data-element_type=\"column\" data-e-type=\"column\">\n\t\t\t<div class=\"elementor-widget-wrap elementor-element-populated\">\n\t\t\t\t\t\t<div class=\"elementor-element elementor-element-91128ae elementor-invisible elementor-widget elementor-widget-image\" data-id=\"91128ae\" data-element_type=\"widget\" data-e-type=\"widget\" data-settings=\"{&quot;_animation&quot;:&quot;fadeIn&quot;}\" data-widget_type=\"image.default\">\n\t\t\t\t<div class=\"elementor-widget-container\">\n\t\t\t\t\t\t\t\t\t\t\t\t\t\t\t<img decoding=\"async\" width=\"150\" height=\"150\" src=\"https:\/\/pardubicesobe.cz\/wp-content\/uploads\/2023\/03\/QR-docasky-250-150x150.jpg\" class=\"attachment-thumbnail size-thumbnail wp-image-222\" alt=\"QR kod\" srcset=\"https:\/\/pardubicesobe.cz\/wp-content\/uploads\/2023\/03\/QR-docasky-250-150x150.jpg 150w, https:\/\/pardubicesobe.cz\/wp-content\/uploads\/2023\/03\/QR-docasky-250-300x300.jpg 300w, https:\/\/pardubicesobe.cz\/wp-content\/uploads\/2023\/03\/QR-docasky-250-100x100.jpg 100w\" sizes=\"(max-width: 150px) 100vw, 150px\" \/>\t\t\t\t\t\t\t\t\t\t\t\t\t\t\t<\/div>\n\t\t\t\t<\/div>\n\t\t\t\t<div class=\"elementor-element elementor-element-05e865c elementor-invisible elementor-widget elementor-widget-text-editor\" data-id=\"05e865c\" data-element_type=\"widget\" data-e-type=\"widget\" data-settings=\"{&quot;_animation&quot;:&quot;fadeIn&quot;}\" data-widget_type=\"text-editor.default\">\n\t\t\t\t<div class=\"elementor-widget-container\">\n\t\t\t\t\t\t\t\t\t<p><strong><span style=\"color: #000000;\">QR k\u00f3d na p\u0159\u00edsp\u011bvek 250&nbsp;K\u010d.<\/span><\/strong><\/p>\t\t\t\t\t\t\t\t<\/div>\n\t\t\t\t<\/div>\n\t\t\t\t\t<\/div>\n\t\t<\/div>\n\t\t\t\t\t<\/div>\n\t\t<\/section>\n\t\t\t\t<\/div>\n\t\t","protected":false},"excerpt":{"rendered":"<p>JAK N\u00c1S M\u016e\u017dETE PODPO\u0158IT? 1. Finan\u010dn\u011b &#8211; p\u0159\u00edsp\u011bvkem v&nbsp;libovoln\u00e9 v\u00fd\u0161i na n\u00e1\u0161 transparentn\u00ed \u00fa\u010det 4418030379\/0800&nbsp;2. Materi\u00e1ln\u011b &#8211; krmivo pro psy a&nbsp;ko\u010dky, pamlsky, pel\u00ed\u0161ky, deky, vod\u00edtka a&nbsp;jin\u00e9 chovatelsk\u00e9 pot\u0159eby, desinfekce a&nbsp;prost\u0159edky na \u00faklid, ovoce, zeleninu, tvrd\u00e9 pe\u010divo, ovesn\u00e9 vlo\u010dky nebo v\u011bci do aukce m\u016f\u017eete vozit k&nbsp;n\u00e1m na Farmu U&nbsp;Vesel\u00fdho psa, Dra\u017ekov 16, Sezemice 533&nbsp;04&nbsp;3. [&hellip;]<\/p>\n","protected":false},"author":1,"featured_media":0,"parent":0,"menu_order":0,"comment_status":"closed","ping_status":"closed","template":"","meta":{"site-sidebar-layout":"no-sidebar","site-content-layout":"page-builder","ast-site-content-layout":"full-width-container","site-content-style":"unboxed","site-sidebar-style":"unboxed","ast-global-header-display":"","ast-banner-title-visibility":"","ast-main-header-display":"","ast-hfb-above-header-display":"","ast-hfb-below-header-display":"","ast-hfb-mobile-header-display":"","site-post-title":"disabled","ast-breadcrumbs-content":"","ast-featured-img":"disabled","footer-sml-layout":"","ast-disable-related-posts":"","theme-transparent-header-meta":"","adv-header-id-meta":"","stick-header-meta":"","header-above-stick-meta":"","header-main-stick-meta":"","header-below-stick-meta":"","astra-migrate-meta-layouts":"set","ast-page-background-enabled":"default","ast-page-background-meta":{"desktop":{"background-color":"var(--ast-global-color-4)","background-image":"","background-repeat":"repeat","background-position":"center center","background-size":"auto","background-attachment":"scroll","background-type":"","background-media":"","overlay-type":"","overlay-color":"","overlay-opacity":"","overlay-gradient":""},"tablet":{"background-color":"","background-image":"","background-repeat":"repeat","background-position":"center center","background-size":"auto","background-attachment":"scroll","background-type":"","background-media":"","overlay-type":"","overlay-color":"","overlay-opacity":"","overlay-gradient":""},"mobile":{"background-color":"","background-image":"","background-repeat":"repeat","background-position":"center center","background-size":"auto","background-attachment":"scroll","background-type":"","background-media":"","overlay-type":"","overlay-color":"","overlay-opacity":"","overlay-gradient":""}},"ast-content-background-meta":{"desktop":{"background-color":"var(--ast-global-color-5)","background-image":"","background-repeat":"repeat","background-position":"center center","background-size":"auto","background-attachment":"scroll","background-type":"","background-media":"","overlay-type":"","overlay-color":"","overlay-opacity":"","overlay-gradient":""},"tablet":{"background-color":"var(--ast-global-color-5)","background-image":"","background-repeat":"repeat","background-position":"center center","background-size":"auto","background-attachment":"scroll","background-type":"","background-media":"","overlay-type":"","overlay-color":"","overlay-opacity":"","overlay-gradient":""},"mobile":{"background-color":"var(--ast-global-color-5)","background-image":"","background-repeat":"repeat","background-position":"center center","background-size":"auto","background-attachment":"scroll","background-type":"","background-media":"","overlay-type":"","overlay-color":"","overlay-opacity":"","overlay-gradient":""}},"ngg_post_thumbnail":0,"footnotes":""},"class_list":["post-12","page","type-page","status-publish","hentry"],"jetpack_sharing_enabled":true,"_links":{"self":[{"href":"http:\/\/pardubicesobe.cz\/wp-json\/wp\/v2\/pages\/12","targetHints":{"allow":["GET"]}}],"collection":[{"href":"http:\/\/pardubicesobe.cz\/wp-json\/wp\/v2\/pages"}],"about":[{"href":"http:\/\/pardubicesobe.cz\/wp-json\/wp\/v2\/types\/page"}],"author":[{"embeddable":true,"href":"http:\/\/pardubicesobe.cz\/wp-json\/wp\/v2\/users\/1"}],"replies":[{"embeddable":true,"href":"http:\/\/pardubicesobe.cz\/wp-json\/wp\/v2\/comments?post=12"}],"version-history":[{"count":85,"href":"http:\/\/pardubicesobe.cz\/wp-json\/wp\/v2\/pages\/12\/revisions"}],"predecessor-version":[{"id":1463,"href":"http:\/\/pardubicesobe.cz\/wp-json\/wp\/v2\/pages\/12\/revisions\/1463"}],"wp:attachment":[{"href":"http:\/\/pardubicesobe.cz\/wp-json\/wp\/v2\/media?parent=12"}],"curies":[{"name":"wp","href":"https:\/\/api.w.org\/{rel}","templated":true}]}}