{"id":10,"date":"2023-03-27T09:00:34","date_gmt":"2023-03-27T07:00:34","guid":{"rendered":"http:\/\/pardubicesobe.cz\/?page_id=10"},"modified":"2026-04-27T11:20:14","modified_gmt":"2026-04-27T09:20:14","slug":"docasky-pardubice-sobe","status":"publish","type":"page","link":"https:\/\/pardubicesobe.cz\/docasky-pardubice-sobe\/","title":{"rendered":"Do\u010dasky Pardubice sob\u011b"},"content":{"rendered":"\t\t<div data-elementor-type=\"wp-page\" data-elementor-id=\"10\" class=\"elementor elementor-10\">\n\t\t\t\t\t\t<section class=\"elementor-section elementor-top-section elementor-element elementor-element-89b5913 elementor-section-boxed elementor-section-height-default elementor-section-height-default\" data-id=\"89b5913\" data-element_type=\"section\" data-e-type=\"section\">\n\t\t\t\t\t\t<div class=\"elementor-container elementor-column-gap-default\">\n\t\t\t\t\t<div class=\"elementor-column elementor-col-100 elementor-top-column elementor-element elementor-element-7fe6969\" data-id=\"7fe6969\" data-element_type=\"column\" data-e-type=\"column\">\n\t\t\t<div class=\"elementor-widget-wrap elementor-element-populated\">\n\t\t\t\t\t\t<div class=\"elementor-element elementor-element-60f5ed6 elementor-hidden-desktop elementor-widget elementor-widget-image\" data-id=\"60f5ed6\" data-element_type=\"widget\" data-e-type=\"widget\" data-widget_type=\"image.default\">\n\t\t\t\t<div class=\"elementor-widget-container\">\n\t\t\t\t\t\t\t\t\t\t\t\t\t\t\t<img fetchpriority=\"high\" decoding=\"async\" width=\"1024\" height=\"387\" src=\"https:\/\/pardubicesobe.cz\/wp-content\/uploads\/2023\/03\/podpora-lide-1024x387.jpg\" class=\"attachment-large size-large wp-image-94\" alt=\"Podpora lid\u00e9\" srcset=\"https:\/\/pardubicesobe.cz\/wp-content\/uploads\/2023\/03\/podpora-lide-1024x387.jpg 1024w, https:\/\/pardubicesobe.cz\/wp-content\/uploads\/2023\/03\/podpora-lide-600x227.jpg 600w, https:\/\/pardubicesobe.cz\/wp-content\/uploads\/2023\/03\/podpora-lide-300x114.jpg 300w, https:\/\/pardubicesobe.cz\/wp-content\/uploads\/2023\/03\/podpora-lide-768x291.jpg 768w, https:\/\/pardubicesobe.cz\/wp-content\/uploads\/2023\/03\/podpora-lide.jpg 1102w\" sizes=\"(max-width: 1024px) 100vw, 1024px\" \/>\t\t\t\t\t\t\t\t\t\t\t\t\t\t\t<\/div>\n\t\t\t\t<\/div>\n\t\t\t\t\t<\/div>\n\t\t<\/div>\n\t\t\t\t\t<\/div>\n\t\t<\/section>\n\t\t\t\t<section class=\"elementor-section elementor-top-section elementor-element elementor-element-9b95bf5 elementor-section-boxed elementor-section-height-default elementor-section-height-default\" data-id=\"9b95bf5\" data-element_type=\"section\" data-e-type=\"section\">\n\t\t\t\t\t\t<div class=\"elementor-container elementor-column-gap-default\">\n\t\t\t\t\t<div class=\"elementor-column elementor-col-100 elementor-top-column elementor-element elementor-element-6aacef9\" data-id=\"6aacef9\" data-element_type=\"column\" data-e-type=\"column\">\n\t\t\t<div class=\"elementor-widget-wrap elementor-element-populated\">\n\t\t\t\t\t\t<div class=\"elementor-element elementor-element-a9c6278 elementor-invisible elementor-widget elementor-widget-heading\" data-id=\"a9c6278\" data-element_type=\"widget\" data-e-type=\"widget\" data-settings=\"{&quot;_animation&quot;:&quot;fadeIn&quot;}\" data-widget_type=\"heading.default\">\n\t\t\t\t<div class=\"elementor-widget-container\">\n\t\t\t\t\t<h2 class=\"elementor-heading-title elementor-size-default\">DO\u010cASKY PARDUBICE SOB\u011a<\/h2>\t\t\t\t<\/div>\n\t\t\t\t<\/div>\n\t\t\t\t\t<\/div>\n\t\t<\/div>\n\t\t\t\t\t<\/div>\n\t\t<\/section>\n\t\t\t\t<section class=\"elementor-section elementor-top-section elementor-element elementor-element-00bb295 elementor-section-boxed elementor-section-height-default elementor-section-height-default\" data-id=\"00bb295\" data-element_type=\"section\" data-e-type=\"section\">\n\t\t\t\t\t\t<div class=\"elementor-container elementor-column-gap-default\">\n\t\t\t\t\t<div class=\"elementor-column elementor-col-100 elementor-top-column elementor-element elementor-element-7cf459c\" data-id=\"7cf459c\" data-element_type=\"column\" data-e-type=\"column\">\n\t\t\t<div class=\"elementor-widget-wrap elementor-element-populated\">\n\t\t\t\t\t\t<div class=\"elementor-element elementor-element-457b383 elementor-invisible elementor-widget elementor-widget-text-editor\" data-id=\"457b383\" data-element_type=\"widget\" data-e-type=\"widget\" data-settings=\"{&quot;_animation&quot;:&quot;fadeIn&quot;}\" data-widget_type=\"text-editor.default\">\n\t\t\t\t<div class=\"elementor-widget-container\">\n\t\t\t\t\t\t\t\t\t<p><span style=\"color: #000000;\">V projektu Do\u010dasky Pardubice sob\u011b poskytujeme do\u010dasn\u00fd domov, hled\u00e1me zv\u00ed\u0159\u00e1tk\u016fm rodiny a&nbsp;hrad\u00edme veterin\u00e1rn\u00ed p\u00e9\u010di. Intenzivn\u011b se v\u011bnujeme kastrac\u00edm toulav\u00fdch ko\u010dek, podporujeme materi\u00e1ln\u011b i&nbsp;finan\u010dn\u011b dal\u0161\u00ed organizace a&nbsp;\u00fatulky. D\u011bl\u00edme se s&nbsp;nimi o&nbsp;z\u00e1soby krmiva a&nbsp;pom\u00e1h\u00e1me t\u011bm, kte\u0159\u00ed to zrovna pot\u0159ebuj\u00ed nejv\u00edc. P\u0159evzali jsme n\u011bkolik ps\u016f z&nbsp;azyl\u016f z&nbsp;v\u00fdchodn\u00edho Slovenska (kde je situace velmi \u0161patn\u00e1), pro kter\u00e9 jsme v&nbsp;\u010cR m\u011bli p\u0159ipraven\u00e9 domovy nebo do\u010dasnou p\u00e9\u010di.<\/span><\/p><p><span style=\"color: #000000;\">\u00dasp\u011b\u0161n\u011b umis\u0165ujeme pejsky do nov\u00fdch domov\u016f a&nbsp;\u010dasto se n\u00e1m da\u0159\u00ed naj\u00edt um\u00edst\u011bn\u00ed i&nbsp;pro psy, o&nbsp;kter\u00e9 dlouho v&nbsp;\u00fatulku nikdo nejevil z\u00e1jem. M\u00e1me na kont\u011b v\u00edce ne\u017e 500 \u00fasp\u011b\u0161n\u00fdch adopc\u00ed a&nbsp;t\u00edm rozhodn\u011b nekon\u010d\u00edme. \ud83d\ude42<\/span><br \/><br aria-hidden=\"true\" \/><span style=\"color: #000000;\">V\u0161e funguje jenom d\u00edky na\u0161im dobrovoln\u00edk\u016fm, kamar\u00e1d\u016fm a&nbsp;lidem se srdcem na spr\u00e1vn\u00e9m m\u00edst\u011b, kte\u0159\u00ed n\u00e1s podporuj\u00ed.<\/span><b><\/b><\/p>\t\t\t\t\t\t\t\t<\/div>\n\t\t\t\t<\/div>\n\t\t\t\t\t<\/div>\n\t\t<\/div>\n\t\t\t\t\t<\/div>\n\t\t<\/section>\n\t\t\t\t<section class=\"elementor-section elementor-top-section elementor-element elementor-element-8416467 elementor-section-boxed elementor-section-height-default elementor-section-height-default\" data-id=\"8416467\" data-element_type=\"section\" data-e-type=\"section\">\n\t\t\t\t\t\t<div class=\"elementor-container elementor-column-gap-default\">\n\t\t\t\t\t<div class=\"elementor-column elementor-col-100 elementor-top-column elementor-element elementor-element-e32f05a\" data-id=\"e32f05a\" data-element_type=\"column\" data-e-type=\"column\">\n\t\t\t<div class=\"elementor-widget-wrap elementor-element-populated\">\n\t\t\t\t\t\t<div class=\"elementor-element elementor-element-75f1fe6 elementor-invisible elementor-widget elementor-widget-image\" data-id=\"75f1fe6\" data-element_type=\"widget\" data-e-type=\"widget\" data-settings=\"{&quot;_animation&quot;:&quot;fadeIn&quot;}\" data-widget_type=\"image.default\">\n\t\t\t\t<div class=\"elementor-widget-container\">\n\t\t\t\t\t\t\t\t\t\t\t\t\t\t\t<img decoding=\"async\" width=\"150\" height=\"150\" src=\"https:\/\/pardubicesobe.cz\/wp-content\/uploads\/2023\/03\/QR-docasky-250-150x150.jpg\" class=\"attachment-thumbnail size-thumbnail wp-image-222\" alt=\"QR kod\" srcset=\"https:\/\/pardubicesobe.cz\/wp-content\/uploads\/2023\/03\/QR-docasky-250-150x150.jpg 150w, https:\/\/pardubicesobe.cz\/wp-content\/uploads\/2023\/03\/QR-docasky-250-300x300.jpg 300w, https:\/\/pardubicesobe.cz\/wp-content\/uploads\/2023\/03\/QR-docasky-250-100x100.jpg 100w\" sizes=\"(max-width: 150px) 100vw, 150px\" \/>\t\t\t\t\t\t\t\t\t\t\t\t\t\t\t<\/div>\n\t\t\t\t<\/div>\n\t\t\t\t<div class=\"elementor-element elementor-element-7cade37 elementor-invisible elementor-widget elementor-widget-text-editor\" data-id=\"7cade37\" data-element_type=\"widget\" data-e-type=\"widget\" data-settings=\"{&quot;_animation&quot;:&quot;fadeIn&quot;}\" data-widget_type=\"text-editor.default\">\n\t\t\t\t<div class=\"elementor-widget-container\">\n\t\t\t\t\t\t\t\t\t<p><strong><span style=\"color: #000000;\">QR k\u00f3d na p\u0159\u00edsp\u011bvek 250&nbsp;K\u010d.<\/span><\/strong><\/p>\t\t\t\t\t\t\t\t<\/div>\n\t\t\t\t<\/div>\n\t\t\t\t\t<\/div>\n\t\t<\/div>\n\t\t\t\t\t<\/div>\n\t\t<\/section>\n\t\t\t\t<section class=\"elementor-section elementor-top-section elementor-element elementor-element-552c504 elementor-section-boxed elementor-section-height-default elementor-section-height-default\" data-id=\"552c504\" data-element_type=\"section\" data-e-type=\"section\">\n\t\t\t\t\t\t<div class=\"elementor-container elementor-column-gap-default\">\n\t\t\t\t\t<div class=\"elementor-column elementor-col-100 elementor-top-column elementor-element elementor-element-4440d2e\" data-id=\"4440d2e\" data-element_type=\"column\" data-e-type=\"column\">\n\t\t\t<div class=\"elementor-widget-wrap elementor-element-populated\">\n\t\t\t\t\t\t<div class=\"elementor-element elementor-element-ad3ce99 elementor-widget__width-auto elementor-invisible elementor-widget elementor-widget-text-editor\" data-id=\"ad3ce99\" data-element_type=\"widget\" data-e-type=\"widget\" data-settings=\"{&quot;_animation&quot;:&quot;fadeIn&quot;}\" data-widget_type=\"text-editor.default\">\n\t\t\t\t<div class=\"elementor-widget-container\">\n\t\t\t\t\t\t\t\t\t<p><span style=\"color: #000000;\">Transparentn\u00ed \u00fa\u010det: <strong>4418030379\/0800<\/strong><\/span><\/p>\t\t\t\t\t\t\t\t<\/div>\n\t\t\t\t<\/div>\n\t\t\t\t\t<\/div>\n\t\t<\/div>\n\t\t\t\t\t<\/div>\n\t\t<\/section>\n\t\t\t\t<section class=\"elementor-section elementor-top-section elementor-element elementor-element-888fd79 elementor-section-boxed elementor-section-height-default elementor-section-height-default\" data-id=\"888fd79\" data-element_type=\"section\" data-e-type=\"section\">\n\t\t\t\t\t\t<div class=\"elementor-container elementor-column-gap-default\">\n\t\t\t\t\t<div class=\"elementor-column elementor-col-100 elementor-top-column elementor-element elementor-element-437c430\" data-id=\"437c430\" data-element_type=\"column\" data-e-type=\"column\">\n\t\t\t<div class=\"elementor-widget-wrap elementor-element-populated\">\n\t\t\t\t\t\t<div class=\"elementor-element elementor-element-105de3f elementor-invisible elementor-widget elementor-widget-heading\" data-id=\"105de3f\" data-element_type=\"widget\" data-e-type=\"widget\" data-settings=\"{&quot;_animation&quot;:&quot;fadeIn&quot;}\" data-widget_type=\"heading.default\">\n\t\t\t\t<div class=\"elementor-widget-container\">\n\t\t\t\t\t<h3 class=\"elementor-heading-title elementor-size-default\">k adopci<\/h3>\t\t\t\t<\/div>\n\t\t\t\t<\/div>\n\t\t\t\t\t<\/div>\n\t\t<\/div>\n\t\t\t\t\t<\/div>\n\t\t<\/section>\n\t\t\t\t<section class=\"elementor-section elementor-top-section elementor-element elementor-element-f5362c1 elementor-section-boxed elementor-section-height-default elementor-section-height-default\" data-id=\"f5362c1\" data-element_type=\"section\" data-e-type=\"section\">\n\t\t\t\t\t\t<div class=\"elementor-container elementor-column-gap-default\">\n\t\t\t\t\t<div class=\"elementor-column elementor-col-100 elementor-top-column elementor-element elementor-element-d655c79\" data-id=\"d655c79\" data-element_type=\"column\" data-e-type=\"column\">\n\t\t\t<div class=\"elementor-widget-wrap elementor-element-populated\">\n\t\t\t\t\t\t<div class=\"elementor-element elementor-element-5345cf5 elementor-widget elementor-widget-html\" data-id=\"5345cf5\" data-element_type=\"widget\" data-e-type=\"widget\" data-widget_type=\"html.default\">\n\t\t\t\t<div class=\"elementor-widget-container\">\n\t\t\t\t\t<div id=\"pesweb-widget\"><\/div>\r\n<script src=\"https:\/\/www.pesweb.cz\/widget\/pesweb-widget.min.js\"><\/script>\r\n<script>\r\n  PeswebWidget.init({\r\n    container: '#pesweb-widget',\r\n    type: 'dog',\r\n    filters: {\r\n      \"shelter\": [\r\n        \"docasky-pardubice-sobe\"\r\n      ]\r\n    },\r\n    height: 'auto'\r\n  });\r\n<\/script>\t\t\t\t<\/div>\n\t\t\t\t<\/div>\n\t\t\t\t\t<\/div>\n\t\t<\/div>\n\t\t\t\t\t<\/div>\n\t\t<\/section>\n\t\t\t\t<section class=\"elementor-section elementor-top-section elementor-element elementor-element-d929009 elementor-section-boxed elementor-section-height-default elementor-section-height-default\" data-id=\"d929009\" data-element_type=\"section\" data-e-type=\"section\">\n\t\t\t\t\t\t<div class=\"elementor-container elementor-column-gap-default\">\n\t\t\t\t\t<div class=\"elementor-column elementor-col-100 elementor-top-column elementor-element elementor-element-afd47f4\" data-id=\"afd47f4\" data-element_type=\"column\" data-e-type=\"column\">\n\t\t\t<div class=\"elementor-widget-wrap elementor-element-populated\">\n\t\t\t\t\t\t<div class=\"elementor-element elementor-element-e400bc2 elementor-invisible elementor-widget elementor-widget-text-editor\" data-id=\"e400bc2\" data-element_type=\"widget\" data-e-type=\"widget\" data-settings=\"{&quot;_animation&quot;:&quot;fadeIn&quot;}\" data-widget_type=\"text-editor.default\">\n\t\t\t\t<div class=\"elementor-widget-container\">\n\t\t\t\t\t\t\t\t\t<p><span style=\"color: #000000;\">Pokud m\u00e1te z\u00e1jem o&nbsp;adopci psa, napi\u0161te n\u00e1m pros\u00edm zpr\u00e1vu do Messengeru na FB Do\u010dasky Pardubice sob\u011b nebo na e-mail <span style=\"color: #ca2323;\"><a style=\"color: #ca2323;\" href=\"mailto:pardubicesobe@email.cz\"><strong>pardubicesobe@email.cz<\/strong><\/a><\/span>.<\/span><\/p>\t\t\t\t\t\t\t\t<\/div>\n\t\t\t\t<\/div>\n\t\t\t\t\t<\/div>\n\t\t<\/div>\n\t\t\t\t\t<\/div>\n\t\t<\/section>\n\t\t\t\t<section class=\"elementor-section elementor-top-section elementor-element elementor-element-d7984e5 elementor-section-boxed elementor-section-height-default elementor-section-height-default\" data-id=\"d7984e5\" data-element_type=\"section\" data-e-type=\"section\">\n\t\t\t\t\t\t<div class=\"elementor-container elementor-column-gap-default\">\n\t\t\t\t\t<div class=\"elementor-column elementor-col-50 elementor-top-column elementor-element elementor-element-736d2b2\" data-id=\"736d2b2\" data-element_type=\"column\" data-e-type=\"column\">\n\t\t\t<div class=\"elementor-widget-wrap elementor-element-populated\">\n\t\t\t\t\t\t<div class=\"elementor-element elementor-element-be8ba1d elementor-widget elementor-widget-image\" data-id=\"be8ba1d\" data-element_type=\"widget\" data-e-type=\"widget\" data-widget_type=\"image.default\">\n\t\t\t\t<div class=\"elementor-widget-container\">\n\t\t\t\t\t\t\t\t\t\t\t\t<figure class=\"wp-caption\">\n\t\t\t\t\t\t\t\t\t\t\t<a href=\"https:\/\/www.facebook.com\/docaskypardubicesobe\" target=\"_blank\" rel=\"noopener\">\n\t\t\t\t\t\t\t<img decoding=\"async\" src=\"https:\/\/pardubicesobe.cz\/wp-content\/uploads\/2023\/03\/facebook-ikona-e1682578063518.png\" title=\"facebook\" alt=\"facebook\" loading=\"lazy\" \/>\t\t\t\t\t\t\t\t<\/a>\n\t\t\t\t\t\t\t\t\t\t\t<figcaption class=\"widget-image-caption wp-caption-text\">FACEBOOK<\/figcaption>\n\t\t\t\t\t\t\t\t\t\t<\/figure>\n\t\t\t\t\t\t\t\t\t<\/div>\n\t\t\t\t<\/div>\n\t\t\t\t\t<\/div>\n\t\t<\/div>\n\t\t\t\t<div class=\"elementor-column elementor-col-50 elementor-top-column elementor-element elementor-element-a832fa4\" data-id=\"a832fa4\" data-element_type=\"column\" data-e-type=\"column\">\n\t\t\t<div class=\"elementor-widget-wrap elementor-element-populated\">\n\t\t\t\t\t\t<div class=\"elementor-element elementor-element-80a5eb9 elementor-widget elementor-widget-image\" data-id=\"80a5eb9\" data-element_type=\"widget\" data-e-type=\"widget\" data-widget_type=\"image.default\">\n\t\t\t\t<div class=\"elementor-widget-container\">\n\t\t\t\t\t\t\t\t\t\t\t\t<figure class=\"wp-caption\">\n\t\t\t\t\t\t\t\t\t\t\t<a href=\"https:\/\/www.instagram.com\/pardubicesobe\/\" target=\"_blank\" rel=\"noopener\">\n\t\t\t\t\t\t\t<img decoding=\"async\" src=\"https:\/\/pardubicesobe.cz\/wp-content\/uploads\/2023\/03\/instagram-ikona-e1682578089676.png\" title=\"instagram\" alt=\"instagram\" loading=\"lazy\" \/>\t\t\t\t\t\t\t\t<\/a>\n\t\t\t\t\t\t\t\t\t\t\t<figcaption class=\"widget-image-caption wp-caption-text\">INSTAGRAM<\/figcaption>\n\t\t\t\t\t\t\t\t\t\t<\/figure>\n\t\t\t\t\t\t\t\t\t<\/div>\n\t\t\t\t<\/div>\n\t\t\t\t\t<\/div>\n\t\t<\/div>\n\t\t\t\t\t<\/div>\n\t\t<\/section>\n\t\t\t\t<section class=\"elementor-section elementor-top-section elementor-element elementor-element-72c3687 elementor-section-boxed elementor-section-height-default elementor-section-height-default\" data-id=\"72c3687\" data-element_type=\"section\" data-e-type=\"section\">\n\t\t\t\t\t\t<div class=\"elementor-container elementor-column-gap-default\">\n\t\t\t\t\t<div class=\"elementor-column elementor-col-100 elementor-top-column elementor-element elementor-element-6bf48c3\" data-id=\"6bf48c3\" data-element_type=\"column\" data-e-type=\"column\">\n\t\t\t<div class=\"elementor-widget-wrap elementor-element-populated\">\n\t\t\t\t\t\t<div class=\"elementor-element elementor-element-f2dfb16 elementor-hidden-tablet elementor-hidden-mobile elementor-invisible elementor-widget elementor-widget-image\" data-id=\"f2dfb16\" data-element_type=\"widget\" data-e-type=\"widget\" data-settings=\"{&quot;_animation&quot;:&quot;fadeIn&quot;}\" data-widget_type=\"image.default\">\n\t\t\t\t<div class=\"elementor-widget-container\">\n\t\t\t\t\t\t\t\t\t\t\t\t\t\t\t<img fetchpriority=\"high\" decoding=\"async\" width=\"1024\" height=\"387\" src=\"https:\/\/pardubicesobe.cz\/wp-content\/uploads\/2023\/03\/podpora-lide-1024x387.jpg\" class=\"attachment-large size-large wp-image-94\" alt=\"Podpora lid\u00e9\" srcset=\"https:\/\/pardubicesobe.cz\/wp-content\/uploads\/2023\/03\/podpora-lide-1024x387.jpg 1024w, https:\/\/pardubicesobe.cz\/wp-content\/uploads\/2023\/03\/podpora-lide-600x227.jpg 600w, https:\/\/pardubicesobe.cz\/wp-content\/uploads\/2023\/03\/podpora-lide-300x114.jpg 300w, https:\/\/pardubicesobe.cz\/wp-content\/uploads\/2023\/03\/podpora-lide-768x291.jpg 768w, https:\/\/pardubicesobe.cz\/wp-content\/uploads\/2023\/03\/podpora-lide.jpg 1102w\" sizes=\"(max-width: 1024px) 100vw, 1024px\" \/>\t\t\t\t\t\t\t\t\t\t\t\t\t\t\t<\/div>\n\t\t\t\t<\/div>\n\t\t\t\t\t<\/div>\n\t\t<\/div>\n\t\t\t\t\t<\/div>\n\t\t<\/section>\n\t\t\t\t<\/div>\n\t\t","protected":false},"excerpt":{"rendered":"<p>DO\u010cASKY PARDUBICE SOB\u011a V&nbsp;projektu Do\u010dasky Pardubice sob\u011b poskytujeme do\u010dasn\u00fd domov, hled\u00e1me zv\u00ed\u0159\u00e1tk\u016fm rodiny a&nbsp;hrad\u00edme veterin\u00e1rn\u00ed p\u00e9\u010di. Intenzivn\u011b se v\u011bnujeme kastrac\u00edm toulav\u00fdch ko\u010dek, podporujeme materi\u00e1ln\u011b i&nbsp;finan\u010dn\u011b dal\u0161\u00ed organizace a&nbsp;\u00fatulky. D\u011bl\u00edme se s&nbsp;nimi o&nbsp;z\u00e1soby krmiva a&nbsp;pom\u00e1h\u00e1me t\u011bm, kte\u0159\u00ed to zrovna pot\u0159ebuj\u00ed nejv\u00edc. P\u0159evzali jsme n\u011bkolik ps\u016f z&nbsp;azyl\u016f z&nbsp;v\u00fdchodn\u00edho Slovenska (kde je situace velmi \u0161patn\u00e1), pro kter\u00e9 [&hellip;]<\/p>\n","protected":false},"author":1,"featured_media":0,"parent":0,"menu_order":0,"comment_status":"closed","ping_status":"closed","template":"","meta":{"site-sidebar-layout":"no-sidebar","site-content-layout":"page-builder","ast-site-content-layout":"full-width-container","site-content-style":"unboxed","site-sidebar-style":"unboxed","ast-global-header-display":"","ast-banner-title-visibility":"","ast-main-header-display":"","ast-hfb-above-header-display":"","ast-hfb-below-header-display":"","ast-hfb-mobile-header-display":"","site-post-title":"disabled","ast-breadcrumbs-content":"","ast-featured-img":"disabled","footer-sml-layout":"","ast-disable-related-posts":"","theme-transparent-header-meta":"","adv-header-id-meta":"","stick-header-meta":"","header-above-stick-meta":"","header-main-stick-meta":"","header-below-stick-meta":"","astra-migrate-meta-layouts":"set","ast-page-background-enabled":"default","ast-page-background-meta":{"desktop":{"background-color":"var(--ast-global-color-4)","background-image":"","background-repeat":"repeat","background-position":"center center","background-size":"auto","background-attachment":"scroll","background-type":"","background-media":"","overlay-type":"","overlay-color":"","overlay-opacity":"","overlay-gradient":""},"tablet":{"background-color":"","background-image":"","background-repeat":"repeat","background-position":"center center","background-size":"auto","background-attachment":"scroll","background-type":"","background-media":"","overlay-type":"","overlay-color":"","overlay-opacity":"","overlay-gradient":""},"mobile":{"background-color":"","background-image":"","background-repeat":"repeat","background-position":"center center","background-size":"auto","background-attachment":"scroll","background-type":"","background-media":"","overlay-type":"","overlay-color":"","overlay-opacity":"","overlay-gradient":""}},"ast-content-background-meta":{"desktop":{"background-color":"var(--ast-global-color-5)","background-image":"","background-repeat":"repeat","background-position":"center center","background-size":"auto","background-attachment":"scroll","background-type":"","background-media":"","overlay-type":"","overlay-color":"","overlay-opacity":"","overlay-gradient":""},"tablet":{"background-color":"var(--ast-global-color-5)","background-image":"","background-repeat":"repeat","background-position":"center center","background-size":"auto","background-attachment":"scroll","background-type":"","background-media":"","overlay-type":"","overlay-color":"","overlay-opacity":"","overlay-gradient":""},"mobile":{"background-color":"var(--ast-global-color-5)","background-image":"","background-repeat":"repeat","background-position":"center center","background-size":"auto","background-attachment":"scroll","background-type":"","background-media":"","overlay-type":"","overlay-color":"","overlay-opacity":"","overlay-gradient":""}},"ngg_post_thumbnail":0,"footnotes":""},"class_list":["post-10","page","type-page","status-publish","hentry"],"jetpack_sharing_enabled":true,"_links":{"self":[{"href":"https:\/\/pardubicesobe.cz\/wp-json\/wp\/v2\/pages\/10","targetHints":{"allow":["GET"]}}],"collection":[{"href":"https:\/\/pardubicesobe.cz\/wp-json\/wp\/v2\/pages"}],"about":[{"href":"https:\/\/pardubicesobe.cz\/wp-json\/wp\/v2\/types\/page"}],"author":[{"embeddable":true,"href":"https:\/\/pardubicesobe.cz\/wp-json\/wp\/v2\/users\/1"}],"replies":[{"embeddable":true,"href":"https:\/\/pardubicesobe.cz\/wp-json\/wp\/v2\/comments?post=10"}],"version-history":[{"count":241,"href":"https:\/\/pardubicesobe.cz\/wp-json\/wp\/v2\/pages\/10\/revisions"}],"predecessor-version":[{"id":1457,"href":"https:\/\/pardubicesobe.cz\/wp-json\/wp\/v2\/pages\/10\/revisions\/1457"}],"wp:attachment":[{"href":"https:\/\/pardubicesobe.cz\/wp-json\/wp\/v2\/media?parent=10"}],"curies":[{"name":"wp","href":"https:\/\/api.w.org\/{rel}","templated":true}]}}