{"id":16,"date":"2023-03-27T09:02:27","date_gmt":"2023-03-27T07:02:27","guid":{"rendered":"http:\/\/pardubicesobe.cz\/?page_id=16"},"modified":"2024-07-03T11:58:41","modified_gmt":"2024-07-03T09:58:41","slug":"kontakt","status":"publish","type":"page","link":"https:\/\/pardubicesobe.cz\/index.php\/kontakt\/","title":{"rendered":"Kontakt"},"content":{"rendered":"\t\t<div data-elementor-type=\"wp-page\" data-elementor-id=\"16\" class=\"elementor elementor-16\">\n\t\t\t\t\t\t<section class=\"elementor-section elementor-top-section elementor-element elementor-element-447e53d elementor-section-boxed elementor-section-height-default elementor-section-height-default\" data-id=\"447e53d\" data-element_type=\"section\" data-e-type=\"section\">\n\t\t\t\t\t\t<div class=\"elementor-container elementor-column-gap-default\">\n\t\t\t\t\t<div class=\"elementor-column elementor-col-100 elementor-top-column elementor-element elementor-element-bc3160d\" data-id=\"bc3160d\" data-element_type=\"column\" data-e-type=\"column\">\n\t\t\t<div class=\"elementor-widget-wrap elementor-element-populated\">\n\t\t\t\t\t\t<div class=\"elementor-element elementor-element-f9505a9 elementor-widget elementor-widget-spacer\" data-id=\"f9505a9\" data-element_type=\"widget\" data-e-type=\"widget\" data-widget_type=\"spacer.default\">\n\t\t\t\t<div class=\"elementor-widget-container\">\n\t\t\t\t\t\t\t<div class=\"elementor-spacer\">\n\t\t\t<div class=\"elementor-spacer-inner\"><\/div>\n\t\t<\/div>\n\t\t\t\t\t\t<\/div>\n\t\t\t\t<\/div>\n\t\t\t\t\t<\/div>\n\t\t<\/div>\n\t\t\t\t\t<\/div>\n\t\t<\/section>\n\t\t\t\t<section class=\"elementor-section elementor-top-section elementor-element elementor-element-12b9771 elementor-section-boxed elementor-section-height-default elementor-section-height-default\" data-id=\"12b9771\" data-element_type=\"section\" data-e-type=\"section\">\n\t\t\t\t\t\t<div class=\"elementor-container elementor-column-gap-default\">\n\t\t\t\t\t<div class=\"elementor-column elementor-col-100 elementor-top-column elementor-element elementor-element-872979e\" data-id=\"872979e\" data-element_type=\"column\" data-e-type=\"column\">\n\t\t\t<div class=\"elementor-widget-wrap elementor-element-populated\">\n\t\t\t\t\t\t<div class=\"elementor-element elementor-element-1411212 elementor-invisible elementor-widget elementor-widget-heading\" data-id=\"1411212\" data-element_type=\"widget\" data-e-type=\"widget\" data-settings=\"{&quot;_animation&quot;:&quot;fadeIn&quot;}\" data-widget_type=\"heading.default\">\n\t\t\t\t<div class=\"elementor-widget-container\">\n\t\t\t\t\t<h2 class=\"elementor-heading-title elementor-size-default\">KONTAKT<\/h2>\t\t\t\t<\/div>\n\t\t\t\t<\/div>\n\t\t\t\t\t<\/div>\n\t\t<\/div>\n\t\t\t\t\t<\/div>\n\t\t<\/section>\n\t\t\t\t<section class=\"elementor-section elementor-top-section elementor-element elementor-element-459cd05 elementor-section-boxed elementor-section-height-default elementor-section-height-default\" data-id=\"459cd05\" data-element_type=\"section\" data-e-type=\"section\">\n\t\t\t\t\t\t<div class=\"elementor-container elementor-column-gap-default\">\n\t\t\t\t\t<div class=\"elementor-column elementor-col-100 elementor-top-column elementor-element elementor-element-b89a8f3\" data-id=\"b89a8f3\" data-element_type=\"column\" data-e-type=\"column\">\n\t\t\t<div class=\"elementor-widget-wrap elementor-element-populated\">\n\t\t\t\t\t\t<div class=\"elementor-element elementor-element-2825c26 elementor-invisible elementor-widget elementor-widget-text-editor\" data-id=\"2825c26\" data-element_type=\"widget\" data-e-type=\"widget\" data-settings=\"{&quot;_animation&quot;:&quot;fadeIn&quot;}\" data-widget_type=\"text-editor.default\">\n\t\t\t\t<div class=\"elementor-widget-container\">\n\t\t\t\t\t\t\t\t\t<p><strong><span style=\"color: #000000;\">Faktura\u010dn\u00ed \u00fadaje<br \/><\/span><\/strong><span style=\"color: #000000;\">Nada\u010dn\u00ed fond Pardubice sob\u011b<br \/><\/span><span style=\"color: #000000;\">Sladkovsk\u00e9ho 594, Pardubice 530&nbsp;02<br \/><\/span><span style=\"color: #000000;\">I\u010cO: 05603897<\/span><\/p><p><strong><span style=\"color: #000000;\">Adresa farmy U&nbsp;Vesel\u00fdho psa a&nbsp;Do\u010dasek Pardubice sob\u011b<br \/><\/span><\/strong>Dra\u017ekov 16, Sezemice 533&nbsp;04<\/p><p><strong><span style=\"color: #000000;\">Kontaktn\u00ed osoba<br \/><\/span><\/strong><span style=\"color: #000000;\">Aneta Pollakov\u00e1<br \/><\/span><span style=\"color: #000000;\">Telefon: <span style=\"color: #ca2323;\"><a style=\"color: #ca2323;\" href=\"tel:+420 777 147 335\">+420&nbsp;777&nbsp;147&nbsp;335<\/a><\/span><\/span><br \/><span style=\"color: #000000;\">E-mail: <span style=\"color: #ca2323;\"><a style=\"color: #ca2323;\" href=\"mailto:pardubicesobe@email.cz\">pardubicesobe@email.cz<\/a><\/span><br \/><\/span><\/p>\t\t\t\t\t\t\t\t<\/div>\n\t\t\t\t<\/div>\n\t\t\t\t\t<\/div>\n\t\t<\/div>\n\t\t\t\t\t<\/div>\n\t\t<\/section>\n\t\t\t\t<section class=\"elementor-section elementor-top-section elementor-element elementor-element-b401254 elementor-section-boxed elementor-section-height-default elementor-section-height-default\" data-id=\"b401254\" data-element_type=\"section\" data-e-type=\"section\">\n\t\t\t\t\t\t<div class=\"elementor-container elementor-column-gap-default\">\n\t\t\t\t\t<div class=\"elementor-column elementor-col-100 elementor-top-column elementor-element elementor-element-62d0d92\" data-id=\"62d0d92\" data-element_type=\"column\" data-e-type=\"column\">\n\t\t\t<div class=\"elementor-widget-wrap elementor-element-populated\">\n\t\t\t\t\t\t<div class=\"elementor-element elementor-element-311aaf5 elementor-invisible elementor-widget elementor-widget-heading\" data-id=\"311aaf5\" data-element_type=\"widget\" data-e-type=\"widget\" data-settings=\"{&quot;_animation&quot;:&quot;fadeIn&quot;}\" data-widget_type=\"heading.default\">\n\t\t\t\t<div class=\"elementor-widget-container\">\n\t\t\t\t\t<h3 class=\"elementor-heading-title elementor-size-default\">KUDY K&nbsp;N\u00c1M:<\/h3>\t\t\t\t<\/div>\n\t\t\t\t<\/div>\n\t\t\t\t\t<\/div>\n\t\t<\/div>\n\t\t\t\t\t<\/div>\n\t\t<\/section>\n\t\t\t\t<section class=\"elementor-section elementor-top-section elementor-element elementor-element-3830a24 elementor-section-boxed elementor-section-height-default elementor-section-height-default\" data-id=\"3830a24\" data-element_type=\"section\" data-e-type=\"section\">\n\t\t\t\t\t\t<div class=\"elementor-container elementor-column-gap-default\">\n\t\t\t\t\t<div class=\"elementor-column elementor-col-100 elementor-top-column elementor-element elementor-element-398923b\" data-id=\"398923b\" data-element_type=\"column\" data-e-type=\"column\">\n\t\t\t<div class=\"elementor-widget-wrap elementor-element-populated\">\n\t\t\t\t\t\t<div class=\"elementor-element elementor-element-06b4fd0 elementor-invisible elementor-widget elementor-widget-google_maps\" data-id=\"06b4fd0\" data-element_type=\"widget\" data-e-type=\"widget\" data-settings=\"{&quot;_animation&quot;:&quot;fadeIn&quot;}\" data-widget_type=\"google_maps.default\">\n\t\t\t\t<div class=\"elementor-widget-container\">\n\t\t\t\t\t\t\t<div class=\"elementor-custom-embed\">\n\t\t\t<iframe loading=\"lazy\"\n\t\t\t\t\tsrc=\"https:\/\/maps.google.com\/maps?q=Dra%C5%BEkov%2016%2C%20Sezemice%20533%2004&#038;t=m&#038;z=13&#038;output=embed&#038;iwloc=near\"\n\t\t\t\t\ttitle=\"Dra\u017ekov 16, Sezemice 533 04\"\n\t\t\t\t\taria-label=\"Dra\u017ekov 16, Sezemice 533 04\"\n\t\t\t><\/iframe>\n\t\t<\/div>\n\t\t\t\t\t\t<\/div>\n\t\t\t\t<\/div>\n\t\t\t\t\t<\/div>\n\t\t<\/div>\n\t\t\t\t\t<\/div>\n\t\t<\/section>\n\t\t\t\t<section class=\"elementor-section elementor-top-section elementor-element elementor-element-ed699e4 elementor-section-boxed elementor-section-height-default elementor-section-height-default\" data-id=\"ed699e4\" data-element_type=\"section\" data-e-type=\"section\">\n\t\t\t\t\t\t<div class=\"elementor-container elementor-column-gap-default\">\n\t\t\t\t\t<div class=\"elementor-column elementor-col-100 elementor-top-column elementor-element elementor-element-cdbaa31\" data-id=\"cdbaa31\" data-element_type=\"column\" data-e-type=\"column\">\n\t\t\t<div class=\"elementor-widget-wrap elementor-element-populated\">\n\t\t\t\t\t\t<div class=\"elementor-element elementor-element-7257a55 elementor-widget elementor-widget-spacer\" data-id=\"7257a55\" data-element_type=\"widget\" data-e-type=\"widget\" data-widget_type=\"spacer.default\">\n\t\t\t\t<div class=\"elementor-widget-container\">\n\t\t\t\t\t\t\t<div class=\"elementor-spacer\">\n\t\t\t<div class=\"elementor-spacer-inner\"><\/div>\n\t\t<\/div>\n\t\t\t\t\t\t<\/div>\n\t\t\t\t<\/div>\n\t\t\t\t\t<\/div>\n\t\t<\/div>\n\t\t\t\t\t<\/div>\n\t\t<\/section>\n\t\t\t\t<\/div>\n\t\t","protected":false},"excerpt":{"rendered":"<p>KONTAKT Faktura\u010dn\u00ed \u00fadajeNada\u010dn\u00ed fond Pardubice sob\u011bSladkovsk\u00e9ho 594, Pardubice 530&nbsp;02I\u010cO: 05603897 Adresa farmy U&nbsp;Vesel\u00fdho psa a&nbsp;Do\u010dasek Pardubice sob\u011bDra\u017ekov 16, Sezemice 533&nbsp;04 Kontaktn\u00ed osobaAneta Pollakov\u00e1Telefon: +420&nbsp;777&nbsp;147&nbsp;335E-mail: pardubicesobe@email.cz KUDY K&nbsp;N\u00c1M:<\/p>\n","protected":false},"author":1,"featured_media":0,"parent":0,"menu_order":0,"comment_status":"closed","ping_status":"closed","template":"","meta":{"site-sidebar-layout":"no-sidebar","site-content-layout":"page-builder","ast-site-content-layout":"default","site-content-style":"default","site-sidebar-style":"default","ast-global-header-display":"","ast-banner-title-visibility":"","ast-main-header-display":"","ast-hfb-above-header-display":"","ast-hfb-below-header-display":"","ast-hfb-mobile-header-display":"","site-post-title":"disabled","ast-breadcrumbs-content":"","ast-featured-img":"disabled","footer-sml-layout":"","ast-disable-related-posts":"","theme-transparent-header-meta":"","adv-header-id-meta":"","stick-header-meta":"","header-above-stick-meta":"","header-main-stick-meta":"","header-below-stick-meta":"","astra-migrate-meta-layouts":"default","ast-page-background-enabled":"default","ast-page-background-meta":{"desktop":{"background-color":"var(--ast-global-color-4)","background-image":"","background-repeat":"repeat","background-position":"center center","background-size":"auto","background-attachment":"scroll","background-type":"","background-media":"","overlay-type":"","overlay-color":"","overlay-opacity":"","overlay-gradient":""},"tablet":{"background-color":"","background-image":"","background-repeat":"repeat","background-position":"center center","background-size":"auto","background-attachment":"scroll","background-type":"","background-media":"","overlay-type":"","overlay-color":"","overlay-opacity":"","overlay-gradient":""},"mobile":{"background-color":"","background-image":"","background-repeat":"repeat","background-position":"center center","background-size":"auto","background-attachment":"scroll","background-type":"","background-media":"","overlay-type":"","overlay-color":"","overlay-opacity":"","overlay-gradient":""}},"ast-content-background-meta":{"desktop":{"background-color":"var(--ast-global-color-5)","background-image":"","background-repeat":"repeat","background-position":"center center","background-size":"auto","background-attachment":"scroll","background-type":"","background-media":"","overlay-type":"","overlay-color":"","overlay-opacity":"","overlay-gradient":""},"tablet":{"background-color":"var(--ast-global-color-5)","background-image":"","background-repeat":"repeat","background-position":"center center","background-size":"auto","background-attachment":"scroll","background-type":"","background-media":"","overlay-type":"","overlay-color":"","overlay-opacity":"","overlay-gradient":""},"mobile":{"background-color":"var(--ast-global-color-5)","background-image":"","background-repeat":"repeat","background-position":"center center","background-size":"auto","background-attachment":"scroll","background-type":"","background-media":"","overlay-type":"","overlay-color":"","overlay-opacity":"","overlay-gradient":""}},"ngg_post_thumbnail":0,"footnotes":""},"class_list":["post-16","page","type-page","status-publish","hentry"],"yoast_head":"<!-- This site is optimized with the Yoast SEO plugin v27.4 - https:\/\/yoast.com\/product\/yoast-seo-wordpress\/ -->\n<title>Kontakt - Nada\u010dn\u00ed fond Pardubice sob\u011b<\/title>\n<meta name=\"description\" content=\"Faktura\u010dn\u00ed \u00fadaje Nada\u010dn\u00edho fondu Pardubice sob\u011b:Nada\u010dn\u00ed fond Pardubice sob\u011bSladkovsk\u00e9ho 594, Pardubice 530 02I\u010cO: 05603897 Adresa farmy\" \/>\n<meta name=\"robots\" content=\"index, follow, max-snippet:-1, max-image-preview:large, max-video-preview:-1\" \/>\n<link rel=\"canonical\" href=\"https:\/\/pardubicesobe.cz\/index.php\/kontakt\/\" \/>\n<meta property=\"og:locale\" content=\"cs_CZ\" \/>\n<meta property=\"og:type\" content=\"article\" \/>\n<meta property=\"og:title\" content=\"Kontakt - Nada\u010dn\u00ed fond Pardubice sob\u011b\" \/>\n<meta property=\"og:description\" content=\"Faktura\u010dn\u00ed \u00fadaje Nada\u010dn\u00edho fondu Pardubice sob\u011b:Nada\u010dn\u00ed fond Pardubice sob\u011bSladkovsk\u00e9ho 594, Pardubice 530 02I\u010cO: 05603897 Adresa farmy\" \/>\n<meta property=\"og:url\" content=\"https:\/\/pardubicesobe.cz\/index.php\/kontakt\/\" \/>\n<meta property=\"og:site_name\" content=\"Nada\u010dn\u00ed fond Pardubice sob\u011b\" \/>\n<meta property=\"article:modified_time\" content=\"2024-07-03T09:58:41+00:00\" \/>\n<meta name=\"twitter:card\" content=\"summary_large_image\" \/>\n<meta name=\"twitter:label1\" content=\"Odhadovan\u00e1 doba \u010dten\u00ed\" \/>\n\t<meta name=\"twitter:data1\" content=\"1 minuta\" \/>\n<script type=\"application\/ld+json\" class=\"yoast-schema-graph\">{\"@context\":\"https:\\\/\\\/schema.org\",\"@graph\":[{\"@type\":\"WebPage\",\"@id\":\"https:\\\/\\\/pardubicesobe.cz\\\/index.php\\\/kontakt\\\/\",\"url\":\"https:\\\/\\\/pardubicesobe.cz\\\/index.php\\\/kontakt\\\/\",\"name\":\"Kontakt - Nada\u010dn\u00ed fond Pardubice sob\u011b\",\"isPartOf\":{\"@id\":\"https:\\\/\\\/pardubicesobe.cz\\\/#website\"},\"datePublished\":\"2023-03-27T07:02:27+00:00\",\"dateModified\":\"2024-07-03T09:58:41+00:00\",\"description\":\"Faktura\u010dn\u00ed \u00fadaje Nada\u010dn\u00edho fondu Pardubice sob\u011b:Nada\u010dn\u00ed fond Pardubice sob\u011bSladkovsk\u00e9ho 594, Pardubice 530 02I\u010cO: 05603897 Adresa farmy\",\"breadcrumb\":{\"@id\":\"https:\\\/\\\/pardubicesobe.cz\\\/index.php\\\/kontakt\\\/#breadcrumb\"},\"inLanguage\":\"cs\",\"potentialAction\":[{\"@type\":\"ReadAction\",\"target\":[\"https:\\\/\\\/pardubicesobe.cz\\\/index.php\\\/kontakt\\\/\"]}]},{\"@type\":\"BreadcrumbList\",\"@id\":\"https:\\\/\\\/pardubicesobe.cz\\\/index.php\\\/kontakt\\\/#breadcrumb\",\"itemListElement\":[{\"@type\":\"ListItem\",\"position\":1,\"name\":\"Dom\u016f\",\"item\":\"https:\\\/\\\/pardubicesobe.cz\\\/\"},{\"@type\":\"ListItem\",\"position\":2,\"name\":\"Kontakt\"}]},{\"@type\":\"WebSite\",\"@id\":\"https:\\\/\\\/pardubicesobe.cz\\\/#website\",\"url\":\"https:\\\/\\\/pardubicesobe.cz\\\/\",\"name\":\"Nada\u010dn\u00ed fond Pardubice sob\u011b\",\"description\":\"Projekty nada\u010dn\u00edho fondu pardubice sob\u011b\",\"publisher\":{\"@id\":\"https:\\\/\\\/pardubicesobe.cz\\\/#organization\"},\"potentialAction\":[{\"@type\":\"SearchAction\",\"target\":{\"@type\":\"EntryPoint\",\"urlTemplate\":\"https:\\\/\\\/pardubicesobe.cz\\\/?s={search_term_string}\"},\"query-input\":{\"@type\":\"PropertyValueSpecification\",\"valueRequired\":true,\"valueName\":\"search_term_string\"}}],\"inLanguage\":\"cs\"},{\"@type\":\"Organization\",\"@id\":\"https:\\\/\\\/pardubicesobe.cz\\\/#organization\",\"name\":\"Nada\u010dn\u00ed fond Pardubice sob\u011b\",\"url\":\"https:\\\/\\\/pardubicesobe.cz\\\/\",\"logo\":{\"@type\":\"ImageObject\",\"inLanguage\":\"cs\",\"@id\":\"https:\\\/\\\/pardubicesobe.cz\\\/#\\\/schema\\\/logo\\\/image\\\/\",\"url\":\"https:\\\/\\\/pardubicesobe.cz\\\/wp-content\\\/uploads\\\/2023\\\/03\\\/pardubice-sobe-logo-orez.png\",\"contentUrl\":\"https:\\\/\\\/pardubicesobe.cz\\\/wp-content\\\/uploads\\\/2023\\\/03\\\/pardubice-sobe-logo-orez.png\",\"width\":340,\"height\":265,\"caption\":\"Nada\u010dn\u00ed fond Pardubice sob\u011b\"},\"image\":{\"@id\":\"https:\\\/\\\/pardubicesobe.cz\\\/#\\\/schema\\\/logo\\\/image\\\/\"}}]}<\/script>\n<!-- \/ Yoast SEO plugin. -->","yoast_head_json":{"title":"Kontakt - Nada\u010dn\u00ed fond Pardubice sob\u011b","description":"Faktura\u010dn\u00ed \u00fadaje Nada\u010dn\u00edho fondu Pardubice sob\u011b:Nada\u010dn\u00ed fond Pardubice sob\u011bSladkovsk\u00e9ho 594, Pardubice 530 02I\u010cO: 05603897 Adresa farmy","robots":{"index":"index","follow":"follow","max-snippet":"max-snippet:-1","max-image-preview":"max-image-preview:large","max-video-preview":"max-video-preview:-1"},"canonical":"https:\/\/pardubicesobe.cz\/index.php\/kontakt\/","og_locale":"cs_CZ","og_type":"article","og_title":"Kontakt - Nada\u010dn\u00ed fond Pardubice sob\u011b","og_description":"Faktura\u010dn\u00ed \u00fadaje Nada\u010dn\u00edho fondu Pardubice sob\u011b:Nada\u010dn\u00ed fond Pardubice sob\u011bSladkovsk\u00e9ho 594, Pardubice 530 02I\u010cO: 05603897 Adresa farmy","og_url":"https:\/\/pardubicesobe.cz\/index.php\/kontakt\/","og_site_name":"Nada\u010dn\u00ed fond Pardubice sob\u011b","article_modified_time":"2024-07-03T09:58:41+00:00","twitter_card":"summary_large_image","twitter_misc":{"Odhadovan\u00e1 doba \u010dten\u00ed":"1 minuta"},"schema":{"@context":"https:\/\/schema.org","@graph":[{"@type":"WebPage","@id":"https:\/\/pardubicesobe.cz\/index.php\/kontakt\/","url":"https:\/\/pardubicesobe.cz\/index.php\/kontakt\/","name":"Kontakt - Nada\u010dn\u00ed fond Pardubice sob\u011b","isPartOf":{"@id":"https:\/\/pardubicesobe.cz\/#website"},"datePublished":"2023-03-27T07:02:27+00:00","dateModified":"2024-07-03T09:58:41+00:00","description":"Faktura\u010dn\u00ed \u00fadaje Nada\u010dn\u00edho fondu Pardubice sob\u011b:Nada\u010dn\u00ed fond Pardubice sob\u011bSladkovsk\u00e9ho 594, Pardubice 530 02I\u010cO: 05603897 Adresa farmy","breadcrumb":{"@id":"https:\/\/pardubicesobe.cz\/index.php\/kontakt\/#breadcrumb"},"inLanguage":"cs","potentialAction":[{"@type":"ReadAction","target":["https:\/\/pardubicesobe.cz\/index.php\/kontakt\/"]}]},{"@type":"BreadcrumbList","@id":"https:\/\/pardubicesobe.cz\/index.php\/kontakt\/#breadcrumb","itemListElement":[{"@type":"ListItem","position":1,"name":"Dom\u016f","item":"https:\/\/pardubicesobe.cz\/"},{"@type":"ListItem","position":2,"name":"Kontakt"}]},{"@type":"WebSite","@id":"https:\/\/pardubicesobe.cz\/#website","url":"https:\/\/pardubicesobe.cz\/","name":"Nada\u010dn\u00ed fond Pardubice sob\u011b","description":"Projekty nada\u010dn\u00edho fondu pardubice sob\u011b","publisher":{"@id":"https:\/\/pardubicesobe.cz\/#organization"},"potentialAction":[{"@type":"SearchAction","target":{"@type":"EntryPoint","urlTemplate":"https:\/\/pardubicesobe.cz\/?s={search_term_string}"},"query-input":{"@type":"PropertyValueSpecification","valueRequired":true,"valueName":"search_term_string"}}],"inLanguage":"cs"},{"@type":"Organization","@id":"https:\/\/pardubicesobe.cz\/#organization","name":"Nada\u010dn\u00ed fond Pardubice sob\u011b","url":"https:\/\/pardubicesobe.cz\/","logo":{"@type":"ImageObject","inLanguage":"cs","@id":"https:\/\/pardubicesobe.cz\/#\/schema\/logo\/image\/","url":"https:\/\/pardubicesobe.cz\/wp-content\/uploads\/2023\/03\/pardubice-sobe-logo-orez.png","contentUrl":"https:\/\/pardubicesobe.cz\/wp-content\/uploads\/2023\/03\/pardubice-sobe-logo-orez.png","width":340,"height":265,"caption":"Nada\u010dn\u00ed fond Pardubice sob\u011b"},"image":{"@id":"https:\/\/pardubicesobe.cz\/#\/schema\/logo\/image\/"}}]}},"jetpack_sharing_enabled":true,"_links":{"self":[{"href":"https:\/\/pardubicesobe.cz\/index.php\/wp-json\/wp\/v2\/pages\/16","targetHints":{"allow":["GET"]}}],"collection":[{"href":"https:\/\/pardubicesobe.cz\/index.php\/wp-json\/wp\/v2\/pages"}],"about":[{"href":"https:\/\/pardubicesobe.cz\/index.php\/wp-json\/wp\/v2\/types\/page"}],"author":[{"embeddable":true,"href":"https:\/\/pardubicesobe.cz\/index.php\/wp-json\/wp\/v2\/users\/1"}],"replies":[{"embeddable":true,"href":"https:\/\/pardubicesobe.cz\/index.php\/wp-json\/wp\/v2\/comments?post=16"}],"version-history":[{"count":73,"href":"https:\/\/pardubicesobe.cz\/index.php\/wp-json\/wp\/v2\/pages\/16\/revisions"}],"predecessor-version":[{"id":850,"href":"https:\/\/pardubicesobe.cz\/index.php\/wp-json\/wp\/v2\/pages\/16\/revisions\/850"}],"wp:attachment":[{"href":"https:\/\/pardubicesobe.cz\/index.php\/wp-json\/wp\/v2\/media?parent=16"}],"curies":[{"name":"wp","href":"https:\/\/api.w.org\/{rel}","templated":true}]}}