{"id":7,"date":"2023-03-27T08:59:23","date_gmt":"2023-03-27T06:59:23","guid":{"rendered":"http:\/\/pardubicesobe.cz\/?page_id=7"},"modified":"2026-04-27T11:38:14","modified_gmt":"2026-04-27T09:38:14","slug":"o-nadacnim-fondu","status":"publish","type":"page","link":"https:\/\/pardubicesobe.cz\/o-nadacnim-fondu\/","title":{"rendered":"O nada\u010dn\u00edm fondu"},"content":{"rendered":"\t\t<div data-elementor-type=\"wp-page\" data-elementor-id=\"7\" class=\"elementor elementor-7\">\n\t\t\t\t\t\t<section class=\"elementor-section elementor-top-section elementor-element elementor-element-da1f7be elementor-section-boxed elementor-section-height-default elementor-section-height-default\" data-id=\"da1f7be\" data-element_type=\"section\" data-e-type=\"section\">\n\t\t\t\t\t\t<div class=\"elementor-container elementor-column-gap-default\">\n\t\t\t\t\t<div class=\"elementor-column elementor-col-100 elementor-top-column elementor-element elementor-element-2494ac3\" data-id=\"2494ac3\" data-element_type=\"column\" data-e-type=\"column\">\n\t\t\t<div class=\"elementor-widget-wrap elementor-element-populated\">\n\t\t\t\t\t\t<div class=\"elementor-element elementor-element-7894d96 elementor-invisible elementor-widget elementor-widget-heading\" data-id=\"7894d96\" data-element_type=\"widget\" data-e-type=\"widget\" data-settings=\"{&quot;_animation&quot;:&quot;fadeIn&quot;}\" data-widget_type=\"heading.default\">\n\t\t\t\t<div class=\"elementor-widget-container\">\n\t\t\t\t\t<h2 class=\"elementor-heading-title elementor-size-default\">O NADA\u010cN\u00cdM FONDU<\/h2>\t\t\t\t<\/div>\n\t\t\t\t<\/div>\n\t\t\t\t\t<\/div>\n\t\t<\/div>\n\t\t\t\t\t<\/div>\n\t\t<\/section>\n\t\t\t\t<section class=\"elementor-section elementor-top-section elementor-element elementor-element-a107e29 elementor-section-boxed elementor-section-height-default elementor-section-height-default\" data-id=\"a107e29\" data-element_type=\"section\" data-e-type=\"section\">\n\t\t\t\t\t\t<div class=\"elementor-container elementor-column-gap-default\">\n\t\t\t\t\t<div class=\"elementor-column elementor-col-100 elementor-top-column elementor-element elementor-element-adbc6ff\" data-id=\"adbc6ff\" data-element_type=\"column\" data-e-type=\"column\">\n\t\t\t<div class=\"elementor-widget-wrap elementor-element-populated\">\n\t\t\t\t\t\t<div class=\"elementor-element elementor-element-dd4f346 elementor-invisible elementor-widget elementor-widget-text-editor\" data-id=\"dd4f346\" data-element_type=\"widget\" data-e-type=\"widget\" data-settings=\"{&quot;_animation&quot;:&quot;fadeIn&quot;}\" data-widget_type=\"text-editor.default\">\n\t\t\t\t<div class=\"elementor-widget-container\">\n\t\t\t\t\t\t\t\t\t<p style=\"text-align: left;\"><b>Nada\u010dn\u00ed fond Pardubice sob\u011b<\/b> vznikl roku 2016. Motivac\u00ed pro zalo\u017een\u00ed fondu byl p\u0159\u00edb\u011bh na\u0161\u00ed kamar\u00e1dky Veroniky Le\u017e\u00e1kov\u00e9, kter\u00e1 po&nbsp;v\u00e1\u017en\u00e9 autonehod\u011b utrp\u011bla zran\u011bn\u00ed mozku. L\u00e9\u010dba, kterou Veronika pot\u0159ebovala, byla velice n\u00e1kladn\u00e1 a&nbsp;poji\u0161\u0165ovnou nehrazena. Cht\u011bli jsme Veronice a&nbsp;jej\u00ed rodin\u011b pomoci a&nbsp;za vydatn\u00e9 podpory p\u0159\u00e1tel, kamar\u00e1d\u016f a&nbsp;zn\u00e1m\u00fdch z&nbsp;restaura\u010dn\u00edho odv\u011btv\u00ed vznikl projekt &#8211; <b>Cheers! Na Zdrav\u00ed! <\/b>Nafotili jsme ve spolupr\u00e1ci s&nbsp;Pardubick\u00fdmi restauracemi a&nbsp;bary dva kalend\u00e1\u0159e, uspo\u0159\u00e1dali jsme sb\u00edrku a&nbsp;charitativn\u00ed b\u011bh a&nbsp;zaplatili jsme Veronice rehabilita\u010dn\u00ed pobyt na Slovensku v&nbsp;Pie\u0161\u0165anech.<\/p><p>P\u0159\u00edb\u011bh Veroniky n\u00e1s velice zas\u00e1hl a&nbsp;rozhodli jsme se d\u00e1l pokra\u010dovat ve snaze pomoci tam, kde je to pot\u0159eba.<\/p><p data-ogsc=\"rgb(9, 79, 209)\">N\u00e1\u0161 dal\u0161\u00ed projekt, <b>Jakoby dosp\u011bl\u00ed<\/b> se zam\u011b\u0159il na d\u011bti, kter\u00e9 ode\u0161ly z&nbsp;d\u011btsk\u00fdch domov\u016f a&nbsp;byla pot\u0159eba jim uk\u00e1zat spr\u00e1vn\u00fd sm\u011br.\u00a0Pomohli jsme jim hledat pr\u00e1ci, \u0159e\u0161it finan\u010dn\u00ed situaci a&nbsp;sna\u017eili jsme se na\u0161e &#8222;Jakoby dosp\u011bl\u00e9&#8220; klienty motivovat do dosp\u011bl\u00e1ck\u00e9ho \u017eivota. Co\u017e se n\u00e1m \u00fasp\u011b\u0161n\u011b povedlo. Zde se m\u016f\u017eete na p\u0159\u00edb\u011bh Mil\u00e1dky a&nbsp;Sebastiana pod\u00edvat.<\/p>\t\t\t\t\t\t\t\t<\/div>\n\t\t\t\t<\/div>\n\t\t\t\t\t<\/div>\n\t\t<\/div>\n\t\t\t\t\t<\/div>\n\t\t<\/section>\n\t\t\t\t<section class=\"elementor-section elementor-top-section elementor-element elementor-element-6279758 elementor-section-boxed elementor-section-height-default elementor-section-height-default\" data-id=\"6279758\" data-element_type=\"section\" data-e-type=\"section\">\n\t\t\t\t\t\t<div class=\"elementor-container elementor-column-gap-default\">\n\t\t\t\t\t<div class=\"elementor-column elementor-col-100 elementor-top-column elementor-element elementor-element-440b79f\" data-id=\"440b79f\" data-element_type=\"column\" data-e-type=\"column\">\n\t\t\t<div class=\"elementor-widget-wrap elementor-element-populated\">\n\t\t\t\t\t\t<div class=\"elementor-element elementor-element-9241694 elementor-invisible elementor-widget elementor-widget-video\" data-id=\"9241694\" data-element_type=\"widget\" data-e-type=\"widget\" data-settings=\"{&quot;youtube_url&quot;:&quot;https:\\\/\\\/www.youtube.com\\\/watch?v=tcbcXXwqHq0&quot;,&quot;_animation&quot;:&quot;fadeIn&quot;,&quot;video_type&quot;:&quot;youtube&quot;,&quot;controls&quot;:&quot;yes&quot;}\" data-widget_type=\"video.default\">\n\t\t\t\t<div class=\"elementor-widget-container\">\n\t\t\t\t\t\t\t<div class=\"elementor-wrapper elementor-open-inline\">\n\t\t\t<div class=\"elementor-video\"><\/div>\t\t<\/div>\n\t\t\t\t\t\t<\/div>\n\t\t\t\t<\/div>\n\t\t\t\t\t<\/div>\n\t\t<\/div>\n\t\t\t\t\t<\/div>\n\t\t<\/section>\n\t\t\t\t<section class=\"elementor-section elementor-top-section elementor-element elementor-element-dd82a8c elementor-section-boxed elementor-section-height-default elementor-section-height-default elementor-invisible\" data-id=\"dd82a8c\" data-element_type=\"section\" data-e-type=\"section\" data-settings=\"{&quot;animation&quot;:&quot;fadeIn&quot;}\">\n\t\t\t\t\t\t<div class=\"elementor-container elementor-column-gap-extended\">\n\t\t\t\t\t<div class=\"elementor-column elementor-col-50 elementor-top-column elementor-element elementor-element-7050a21\" data-id=\"7050a21\" data-element_type=\"column\" data-e-type=\"column\">\n\t\t\t<div class=\"elementor-widget-wrap elementor-element-populated\">\n\t\t\t\t\t\t<div class=\"elementor-element elementor-element-236f076 elementor-widget elementor-widget-video\" data-id=\"236f076\" data-element_type=\"widget\" data-e-type=\"widget\" data-settings=\"{&quot;youtube_url&quot;:&quot;https:\\\/\\\/www.youtube.com\\\/watch?v=0oOaAy9G220&quot;,&quot;video_type&quot;:&quot;youtube&quot;,&quot;controls&quot;:&quot;yes&quot;}\" data-widget_type=\"video.default\">\n\t\t\t\t<div class=\"elementor-widget-container\">\n\t\t\t\t\t\t\t<div class=\"elementor-wrapper elementor-open-inline\">\n\t\t\t<div class=\"elementor-video\"><\/div>\t\t<\/div>\n\t\t\t\t\t\t<\/div>\n\t\t\t\t<\/div>\n\t\t\t\t\t<\/div>\n\t\t<\/div>\n\t\t\t\t<div class=\"elementor-column elementor-col-50 elementor-top-column elementor-element elementor-element-54755be\" data-id=\"54755be\" data-element_type=\"column\" data-e-type=\"column\">\n\t\t\t<div class=\"elementor-widget-wrap elementor-element-populated\">\n\t\t\t\t\t\t<div class=\"elementor-element elementor-element-76a6b61 elementor-widget elementor-widget-video\" data-id=\"76a6b61\" data-element_type=\"widget\" data-e-type=\"widget\" data-settings=\"{&quot;youtube_url&quot;:&quot;https:\\\/\\\/www.youtube.com\\\/watch?v=UIvHFA8ynH8&quot;,&quot;video_type&quot;:&quot;youtube&quot;,&quot;controls&quot;:&quot;yes&quot;}\" data-widget_type=\"video.default\">\n\t\t\t\t<div class=\"elementor-widget-container\">\n\t\t\t\t\t\t\t<div class=\"elementor-wrapper elementor-open-inline\">\n\t\t\t<div class=\"elementor-video\"><\/div>\t\t<\/div>\n\t\t\t\t\t\t<\/div>\n\t\t\t\t<\/div>\n\t\t\t\t\t<\/div>\n\t\t<\/div>\n\t\t\t\t\t<\/div>\n\t\t<\/section>\n\t\t\t\t<section class=\"elementor-section elementor-top-section elementor-element elementor-element-80d46ce elementor-section-boxed elementor-section-height-default elementor-section-height-default\" data-id=\"80d46ce\" data-element_type=\"section\" data-e-type=\"section\">\n\t\t\t\t\t\t<div class=\"elementor-container elementor-column-gap-default\">\n\t\t\t\t\t<div class=\"elementor-column elementor-col-100 elementor-top-column elementor-element elementor-element-1948d12\" data-id=\"1948d12\" data-element_type=\"column\" data-e-type=\"column\">\n\t\t\t<div class=\"elementor-widget-wrap elementor-element-populated\">\n\t\t\t\t\t\t<div class=\"elementor-element elementor-element-a307d2f elementor-invisible elementor-widget elementor-widget-text-editor\" data-id=\"a307d2f\" data-element_type=\"widget\" data-e-type=\"widget\" data-settings=\"{&quot;_animation&quot;:&quot;fadeIn&quot;}\" data-widget_type=\"text-editor.default\">\n\t\t\t\t<div class=\"elementor-widget-container\">\n\t\t\t\t\t\t\t\t\t<p>Aktu\u00e1ln\u011b se aktivn\u011b v\u011bnujeme pomoci zv\u00ed\u0159at\u016fm v&nbsp;nouzi v&nbsp;projektech Do\u010dasky Pardubice sob\u011b a&nbsp;Farma U&nbsp;Vesel\u00fdho psa. V\u0161e funguje jenom d\u00edky na\u0161im dobrovoln\u00edk\u016fm, kamar\u00e1d\u016fm a&nbsp;lidem se srdcem na spr\u00e1vn\u00e9m m\u00edst\u011b, kte\u0159\u00ed n\u00e1s podporuj\u00ed.<\/p>\t\t\t\t\t\t\t\t<\/div>\n\t\t\t\t<\/div>\n\t\t\t\t\t<\/div>\n\t\t<\/div>\n\t\t\t\t\t<\/div>\n\t\t<\/section>\n\t\t\t\t<section class=\"elementor-section elementor-top-section elementor-element elementor-element-d0d090e elementor-section-boxed elementor-section-height-default elementor-section-height-default\" data-id=\"d0d090e\" data-element_type=\"section\" data-e-type=\"section\">\n\t\t\t\t\t\t<div class=\"elementor-container elementor-column-gap-default\">\n\t\t\t\t\t<div class=\"elementor-column elementor-col-100 elementor-top-column elementor-element elementor-element-3aedc0d\" data-id=\"3aedc0d\" data-element_type=\"column\" data-e-type=\"column\">\n\t\t\t<div class=\"elementor-widget-wrap elementor-element-populated\">\n\t\t\t\t\t\t<div class=\"elementor-element elementor-element-9e6cd6a elementor-invisible elementor-widget elementor-widget-heading\" data-id=\"9e6cd6a\" data-element_type=\"widget\" data-e-type=\"widget\" data-settings=\"{&quot;_animation&quot;:&quot;fadeIn&quot;}\" data-widget_type=\"heading.default\">\n\t\t\t\t<div class=\"elementor-widget-container\">\n\t\t\t\t\t<h3 class=\"elementor-heading-title elementor-size-default\">AKTU\u00c1LN\u00cd PROJEKTY NADA\u010cN\u00cdHO FONDU<\/h3>\t\t\t\t<\/div>\n\t\t\t\t<\/div>\n\t\t\t\t\t<\/div>\n\t\t<\/div>\n\t\t\t\t\t<\/div>\n\t\t<\/section>\n\t\t\t\t<section class=\"elementor-section elementor-top-section elementor-element elementor-element-53b52d8 elementor-section-boxed elementor-section-height-default elementor-section-height-default\" data-id=\"53b52d8\" data-element_type=\"section\" data-e-type=\"section\">\n\t\t\t\t\t\t<div class=\"elementor-container elementor-column-gap-default\">\n\t\t\t\t\t<div class=\"elementor-column elementor-col-25 elementor-top-column elementor-element elementor-element-f5a3757\" data-id=\"f5a3757\" data-element_type=\"column\" data-e-type=\"column\">\n\t\t\t<div class=\"elementor-widget-wrap elementor-element-populated\">\n\t\t\t\t\t\t<div class=\"elementor-element elementor-element-f5d55c6 elementor-invisible elementor-widget elementor-widget-image\" data-id=\"f5d55c6\" data-element_type=\"widget\" data-e-type=\"widget\" data-settings=\"{&quot;_animation&quot;:&quot;fadeIn&quot;}\" data-widget_type=\"image.default\">\n\t\t\t\t<div class=\"elementor-widget-container\">\n\t\t\t\t\t\t\t\t\t\t\t\t\t\t\t\t<a href=\"https:\/\/pardubicesobe.cz\/index.php\/docasky\/\">\n\t\t\t\t\t\t\t<img fetchpriority=\"high\" decoding=\"async\" width=\"300\" height=\"300\" src=\"http:\/\/pardubicesobe.cz\/wp-content\/uploads\/2023\/03\/docasky-300x300.png\" class=\"elementor-animation-shrink attachment-medium size-medium wp-image-73\" alt=\"Do\u010dasky Pardubice sob\u011b\" srcset=\"http:\/\/pardubicesobe.cz\/wp-content\/uploads\/2023\/03\/docasky-300x300.png 300w, http:\/\/pardubicesobe.cz\/wp-content\/uploads\/2023\/03\/docasky-100x100.png 100w, http:\/\/pardubicesobe.cz\/wp-content\/uploads\/2023\/03\/docasky-600x600.png 600w, http:\/\/pardubicesobe.cz\/wp-content\/uploads\/2023\/03\/docasky-150x150.png 150w, http:\/\/pardubicesobe.cz\/wp-content\/uploads\/2023\/03\/docasky.png 768w\" sizes=\"(max-width: 300px) 100vw, 300px\" \/>\t\t\t\t\t\t\t\t<\/a>\n\t\t\t\t\t\t\t\t\t\t\t\t\t\t\t<\/div>\n\t\t\t\t<\/div>\n\t\t\t\t\t<\/div>\n\t\t<\/div>\n\t\t\t\t<div class=\"elementor-column elementor-col-25 elementor-top-column elementor-element elementor-element-ca243e3\" data-id=\"ca243e3\" data-element_type=\"column\" data-e-type=\"column\">\n\t\t\t<div class=\"elementor-widget-wrap elementor-element-populated\">\n\t\t\t\t\t\t<div class=\"elementor-element elementor-element-ac1fa3d elementor-invisible elementor-widget elementor-widget-image\" data-id=\"ac1fa3d\" data-element_type=\"widget\" data-e-type=\"widget\" data-settings=\"{&quot;_animation&quot;:&quot;fadeIn&quot;}\" data-widget_type=\"image.default\">\n\t\t\t\t<div class=\"elementor-widget-container\">\n\t\t\t\t\t\t\t\t\t\t\t\t\t\t\t\t<a href=\"https:\/\/pardubicesobe.cz\/index.php\/farma-u-veselyho-psa\/\">\n\t\t\t\t\t\t\t<img decoding=\"async\" width=\"300\" height=\"300\" src=\"http:\/\/pardubicesobe.cz\/wp-content\/uploads\/2023\/03\/farma-300x300.png\" class=\"elementor-animation-shrink attachment-medium size-medium wp-image-74\" alt=\"farma U Vesel\u00fdho psa\" srcset=\"http:\/\/pardubicesobe.cz\/wp-content\/uploads\/2023\/03\/farma-300x300.png 300w, http:\/\/pardubicesobe.cz\/wp-content\/uploads\/2023\/03\/farma-100x100.png 100w, http:\/\/pardubicesobe.cz\/wp-content\/uploads\/2023\/03\/farma-600x600.png 600w, http:\/\/pardubicesobe.cz\/wp-content\/uploads\/2023\/03\/farma-150x150.png 150w, http:\/\/pardubicesobe.cz\/wp-content\/uploads\/2023\/03\/farma.png 768w\" sizes=\"(max-width: 300px) 100vw, 300px\" \/>\t\t\t\t\t\t\t\t<\/a>\n\t\t\t\t\t\t\t\t\t\t\t\t\t\t\t<\/div>\n\t\t\t\t<\/div>\n\t\t\t\t\t<\/div>\n\t\t<\/div>\n\t\t\t\t<div class=\"elementor-column elementor-col-25 elementor-top-column elementor-element elementor-element-dee9f9f\" data-id=\"dee9f9f\" data-element_type=\"column\" data-e-type=\"column\">\n\t\t\t<div class=\"elementor-widget-wrap elementor-element-populated\">\n\t\t\t\t\t\t<div class=\"elementor-element elementor-element-a6a4840 elementor-invisible elementor-widget elementor-widget-image\" data-id=\"a6a4840\" data-element_type=\"widget\" data-e-type=\"widget\" data-settings=\"{&quot;_animation&quot;:&quot;fadeIn&quot;}\" data-widget_type=\"image.default\">\n\t\t\t\t<div class=\"elementor-widget-container\">\n\t\t\t\t\t\t\t\t\t\t\t\t\t\t\t\t<a href=\"https:\/\/pardubicesobe.cz\/index.php\/pomoc-psum-z-egypta\/\">\n\t\t\t\t\t\t\t<img decoding=\"async\" width=\"768\" height=\"768\" src=\"http:\/\/pardubicesobe.cz\/wp-content\/uploads\/2026\/03\/egypt.png\" class=\"elementor-animation-shrink attachment-full size-full wp-image-1003\" alt=\"\" srcset=\"http:\/\/pardubicesobe.cz\/wp-content\/uploads\/2026\/03\/egypt.png 768w, http:\/\/pardubicesobe.cz\/wp-content\/uploads\/2026\/03\/egypt-300x300.png 300w, http:\/\/pardubicesobe.cz\/wp-content\/uploads\/2026\/03\/egypt-150x150.png 150w, http:\/\/pardubicesobe.cz\/wp-content\/uploads\/2026\/03\/egypt-600x600.png 600w, http:\/\/pardubicesobe.cz\/wp-content\/uploads\/2026\/03\/egypt-100x100.png 100w\" sizes=\"(max-width: 768px) 100vw, 768px\" \/>\t\t\t\t\t\t\t\t<\/a>\n\t\t\t\t\t\t\t\t\t\t\t\t\t\t\t<\/div>\n\t\t\t\t<\/div>\n\t\t\t\t\t<\/div>\n\t\t<\/div>\n\t\t\t\t<div class=\"elementor-column elementor-col-25 elementor-top-column elementor-element elementor-element-cdedbf2\" data-id=\"cdedbf2\" data-element_type=\"column\" data-e-type=\"column\">\n\t\t\t<div class=\"elementor-widget-wrap elementor-element-populated\">\n\t\t\t\t\t\t<div class=\"elementor-element elementor-element-41bd883 elementor-invisible elementor-widget elementor-widget-image\" data-id=\"41bd883\" data-element_type=\"widget\" data-e-type=\"widget\" data-settings=\"{&quot;_animation&quot;:&quot;fadeIn&quot;}\" data-widget_type=\"image.default\">\n\t\t\t\t<div class=\"elementor-widget-container\">\n\t\t\t\t\t\t\t\t\t\t\t\t\t\t\t\t<a href=\"https:\/\/pardubicesobe.cz\/index.php\/hotel-u-veselyho-psa\/\">\n\t\t\t\t\t\t\t<img loading=\"lazy\" decoding=\"async\" width=\"300\" height=\"300\" src=\"http:\/\/pardubicesobe.cz\/wp-content\/uploads\/2024\/07\/projekty-hotel-300x300.jpg\" class=\"elementor-animation-shrink attachment-medium size-medium wp-image-778\" alt=\"\" srcset=\"http:\/\/pardubicesobe.cz\/wp-content\/uploads\/2024\/07\/projekty-hotel-300x300.jpg 300w, http:\/\/pardubicesobe.cz\/wp-content\/uploads\/2024\/07\/projekty-hotel-1024x1024.jpg 1024w, http:\/\/pardubicesobe.cz\/wp-content\/uploads\/2024\/07\/projekty-hotel-150x150.jpg 150w, http:\/\/pardubicesobe.cz\/wp-content\/uploads\/2024\/07\/projekty-hotel-768x768.jpg 768w, http:\/\/pardubicesobe.cz\/wp-content\/uploads\/2024\/07\/projekty-hotel-600x600.jpg 600w, http:\/\/pardubicesobe.cz\/wp-content\/uploads\/2024\/07\/projekty-hotel-100x100.jpg 100w, http:\/\/pardubicesobe.cz\/wp-content\/uploads\/2024\/07\/projekty-hotel.jpg 1181w\" sizes=\"(max-width: 300px) 100vw, 300px\" \/>\t\t\t\t\t\t\t\t<\/a>\n\t\t\t\t\t\t\t\t\t\t\t\t\t\t\t<\/div>\n\t\t\t\t<\/div>\n\t\t\t\t\t<\/div>\n\t\t<\/div>\n\t\t\t\t\t<\/div>\n\t\t<\/section>\n\t\t\t\t<\/div>\n\t\t","protected":false},"excerpt":{"rendered":"<p>O NADA\u010cN\u00cdM FONDU Nada\u010dn\u00ed fond Pardubice sob\u011b vznikl roku 2016. Motivac\u00ed pro zalo\u017een\u00ed fondu byl p\u0159\u00edb\u011bh na\u0161\u00ed kamar\u00e1dky Veroniky Le\u017e\u00e1kov\u00e9, kter\u00e1 po&nbsp;v\u00e1\u017en\u00e9 autonehod\u011b utrp\u011bla zran\u011bn\u00ed mozku. L\u00e9\u010dba, kterou Veronika pot\u0159ebovala, byla velice n\u00e1kladn\u00e1 a&nbsp;poji\u0161\u0165ovnou nehrazena. Cht\u011bli jsme Veronice a&nbsp;jej\u00ed rodin\u011b pomoci a&nbsp;za vydatn\u00e9 podpory p\u0159\u00e1tel, kamar\u00e1d\u016f a&nbsp;zn\u00e1m\u00fdch z&nbsp;restaura\u010dn\u00edho odv\u011btv\u00ed vznikl projekt &#8211; Cheers! Na Zdrav\u00ed! [&hellip;]<\/p>\n","protected":false},"author":1,"featured_media":0,"parent":0,"menu_order":0,"comment_status":"closed","ping_status":"closed","template":"","meta":{"site-sidebar-layout":"no-sidebar","site-content-layout":"page-builder","ast-site-content-layout":"full-width-container","site-content-style":"unboxed","site-sidebar-style":"unboxed","ast-global-header-display":"","ast-banner-title-visibility":"","ast-main-header-display":"","ast-hfb-above-header-display":"","ast-hfb-below-header-display":"","ast-hfb-mobile-header-display":"","site-post-title":"disabled","ast-breadcrumbs-content":"","ast-featured-img":"disabled","footer-sml-layout":"","ast-disable-related-posts":"","theme-transparent-header-meta":"","adv-header-id-meta":"","stick-header-meta":"","header-above-stick-meta":"","header-main-stick-meta":"","header-below-stick-meta":"","astra-migrate-meta-layouts":"set","ast-page-background-enabled":"default","ast-page-background-meta":{"desktop":{"background-color":"var(--ast-global-color-4)","background-image":"","background-repeat":"repeat","background-position":"center center","background-size":"auto","background-attachment":"scroll","background-type":"","background-media":"","overlay-type":"","overlay-color":"","overlay-opacity":"","overlay-gradient":""},"tablet":{"background-color":"","background-image":"","background-repeat":"repeat","background-position":"center center","background-size":"auto","background-attachment":"scroll","background-type":"","background-media":"","overlay-type":"","overlay-color":"","overlay-opacity":"","overlay-gradient":""},"mobile":{"background-color":"","background-image":"","background-repeat":"repeat","background-position":"center center","background-size":"auto","background-attachment":"scroll","background-type":"","background-media":"","overlay-type":"","overlay-color":"","overlay-opacity":"","overlay-gradient":""}},"ast-content-background-meta":{"desktop":{"background-color":"var(--ast-global-color-5)","background-image":"","background-repeat":"repeat","background-position":"center center","background-size":"auto","background-attachment":"scroll","background-type":"","background-media":"","overlay-type":"","overlay-color":"","overlay-opacity":"","overlay-gradient":""},"tablet":{"background-color":"var(--ast-global-color-5)","background-image":"","background-repeat":"repeat","background-position":"center center","background-size":"auto","background-attachment":"scroll","background-type":"","background-media":"","overlay-type":"","overlay-color":"","overlay-opacity":"","overlay-gradient":""},"mobile":{"background-color":"var(--ast-global-color-5)","background-image":"","background-repeat":"repeat","background-position":"center center","background-size":"auto","background-attachment":"scroll","background-type":"","background-media":"","overlay-type":"","overlay-color":"","overlay-opacity":"","overlay-gradient":""}},"ngg_post_thumbnail":0,"footnotes":""},"class_list":["post-7","page","type-page","status-publish","hentry"],"jetpack_sharing_enabled":true,"_links":{"self":[{"href":"https:\/\/pardubicesobe.cz\/wp-json\/wp\/v2\/pages\/7","targetHints":{"allow":["GET"]}}],"collection":[{"href":"https:\/\/pardubicesobe.cz\/wp-json\/wp\/v2\/pages"}],"about":[{"href":"https:\/\/pardubicesobe.cz\/wp-json\/wp\/v2\/types\/page"}],"author":[{"embeddable":true,"href":"https:\/\/pardubicesobe.cz\/wp-json\/wp\/v2\/users\/1"}],"replies":[{"embeddable":true,"href":"https:\/\/pardubicesobe.cz\/wp-json\/wp\/v2\/comments?post=7"}],"version-history":[{"count":173,"href":"https:\/\/pardubicesobe.cz\/wp-json\/wp\/v2\/pages\/7\/revisions"}],"predecessor-version":[{"id":1467,"href":"https:\/\/pardubicesobe.cz\/wp-json\/wp\/v2\/pages\/7\/revisions\/1467"}],"wp:attachment":[{"href":"https:\/\/pardubicesobe.cz\/wp-json\/wp\/v2\/media?parent=7"}],"curies":[{"name":"wp","href":"https:\/\/api.w.org\/{rel}","templated":true}]}}